{"id":51109,"date":"2026-01-09T05:34:35","date_gmt":"2026-01-09T08:34:35","guid":{"rendered":"https:\/\/strigosatanis.com\/?page_id=51109"},"modified":"2026-03-02T01:40:44","modified_gmt":"2026-03-02T04:40:44","slug":"publications","status":"publish","type":"page","link":"https:\/\/strigosatanis.com\/en\/publicacoes\/","title":{"rendered":"Publications"},"content":{"rendered":"<div class=\"gb-element-bb8a64ae\">\n<img loading=\"lazy\" decoding=\"async\" width=\"2449\" height=\"1480\" class=\"gb-media-ce1885c1\" alt=\"\" src=\"http:\/\/strigosatanis.com\/wp-content\/uploads\/2026\/01\/Banner20Maioral.png\" title=\"BannerMaioral\" srcset=\"https:\/\/strigosatanis.com\/wp-content\/uploads\/2026\/01\/Banner20Maioral.png 2449w, https:\/\/strigosatanis.com\/wp-content\/uploads\/2026\/01\/Banner20Maioral-300x181.png 300w, https:\/\/strigosatanis.com\/wp-content\/uploads\/2026\/01\/Banner20Maioral-1024x619.png 1024w, https:\/\/strigosatanis.com\/wp-content\/uploads\/2026\/01\/Banner20Maioral-768x464.png 768w, https:\/\/strigosatanis.com\/wp-content\/uploads\/2026\/01\/Banner20Maioral-1536x928.png 1536w, https:\/\/strigosatanis.com\/wp-content\/uploads\/2026\/01\/Banner20Maioral-2048x1238.png 2048w\" sizes=\"auto, (max-width: 2449px) 100vw, 2449px\" \/>\n\n\n\n<div class=\"gb-element-0f261410\"><\/div>\n\n\n\n<div class=\"gbp-section gb-element-1eba0240\">\n<div class=\"gbp-section__inner gb-element-09a712bb\">\n<div class=\"gb-element-623a2958\">\n<h1 class=\"gb-text gb-text-911549c7\">Downloads<\/h1>\n\n\n\n<div class=\"gb-element-fc8d722e\">\n<p class=\"gb-text gb-text-c3ffdfd8\">Below are the official publications of Ordo Strigosatanis (O\u2234S\u2234). The files made available here are for free circulation<\/p>\n<\/div>\n<\/div>\n<\/div>\n<\/div>\n<\/div>\n\n\n\n<div class=\"gbp-section gb-element-f0fc4a96\" id=\"sobre\">\n<div class=\"gbp-section__inner gb-element-d177d2d6\">\n<div class=\"gb-element-2428199f\">\n<div class=\"wp-block-file\"><a id=\"wp-block-file--media-5177f305-5a98-465a-8890-5a6cb3ea450a\" href=\"http:\/\/strigosatanis.com\/wp-content\/uploads\/2026\/01\/Liber-CCXVIII-en.pdf\" target=\"_blank\" rel=\"noreferrer noopener\">Liber CCXVIII<\/a><a href=\"http:\/\/strigosatanis.com\/wp-content\/uploads\/2026\/01\/Liber-CCXVIII-en.pdf\" class=\"wp-block-file__button wp-element-button\" download aria-describedby=\"wp-block-file--media-5177f305-5a98-465a-8890-5a6cb3ea450a\">Download<\/a><\/div>\n\n\n\n<div class=\"wp-block-file\"><a id=\"wp-block-file--media-87776413-9b37-4e60-90ca-690011f3fe01\" href=\"http:\/\/strigosatanis.com\/wp-content\/uploads\/2026\/03\/MANUAL-TAROT.pdf\" target=\"_blank\" rel=\"noreferrer noopener\">Kimbanda Tarot Instructions<\/a><a href=\"http:\/\/strigosatanis.com\/wp-content\/uploads\/2026\/03\/MANUAL-TAROT.pdf\" class=\"wp-block-file__button wp-element-button\" download aria-describedby=\"wp-block-file--media-87776413-9b37-4e60-90ca-690011f3fe01\">Download<\/a><\/div>\n<\/div>\n<\/div>\n<\/div>","protected":false},"excerpt":{"rendered":"<p>Downloads Abaixo est\u00e3o as publica\u00e7\u00f5es oficiais da Ordo Strigosatanis (O\u2234S\u2234), os arquivos aqui disponibilizados s\u00e3o de livre circula\u00e7\u00e3o.<\/p>","protected":false},"author":1,"featured_media":0,"parent":0,"menu_order":0,"comment_status":"closed","ping_status":"closed","template":"","meta":{"footnotes":""},"class_list":["post-51109","page","type-page","status-publish"],"yoast_head":"<!-- This site is optimized with the Yoast SEO plugin v27.4 - https:\/\/yoast.com\/product\/yoast-seo-wordpress\/ -->\n<title>Ordo Strigosatanis - Publica\u00e7\u00f5es<\/title>\n<meta name=\"description\" content=\"Publica\u00e7\u00f5es Oficiais da Ordo Strigosatanis (O\u2234S\u2234)\" \/>\n<meta name=\"robots\" content=\"index, follow, max-snippet:-1, max-image-preview:large, max-video-preview:-1\" \/>\n<link rel=\"canonical\" href=\"https:\/\/strigosatanis.com\/en\/publications\/\" \/>\n<meta property=\"og:locale\" content=\"en_US\" \/>\n<meta property=\"og:type\" content=\"article\" \/>\n<meta property=\"og:title\" content=\"Ordo Strigosatanis - Publica\u00e7\u00f5es\" \/>\n<meta property=\"og:description\" content=\"Publica\u00e7\u00f5es Oficiais da Ordo Strigosatanis (O\u2234S\u2234)\" \/>\n<meta property=\"og:url\" content=\"https:\/\/strigosatanis.com\/en\/publications\/\" \/>\n<meta property=\"og:site_name\" content=\"Ordo Strigosatanis\" \/>\n<meta property=\"article:modified_time\" content=\"2026-03-02T04:40:44+00:00\" \/>\n<meta property=\"og:image\" content=\"http:\/\/strigosatanis.com\/wp-content\/uploads\/2026\/01\/Banner20Maioral.png\" \/>\n<meta name=\"twitter:card\" content=\"summary_large_image\" \/>\n<meta name=\"twitter:label1\" content=\"Est. reading time\" \/>\n\t<meta name=\"twitter:data1\" content=\"1 minute\" \/>\n<script type=\"application\/ld+json\" class=\"yoast-schema-graph\">{\"@context\":\"https:\\\/\\\/schema.org\",\"@graph\":[{\"@type\":\"WebPage\",\"@id\":\"https:\\\/\\\/strigosatanis.com\\\/en\\\/publicacoes\\\/\",\"url\":\"https:\\\/\\\/strigosatanis.com\\\/en\\\/publicacoes\\\/\",\"name\":\"Ordo Strigosatanis - Publica\u00e7\u00f5es\",\"isPartOf\":{\"@id\":\"https:\\\/\\\/strigosatanis.com\\\/en\\\/#website\"},\"primaryImageOfPage\":{\"@id\":\"https:\\\/\\\/strigosatanis.com\\\/en\\\/publicacoes\\\/#primaryimage\"},\"image\":{\"@id\":\"https:\\\/\\\/strigosatanis.com\\\/en\\\/publicacoes\\\/#primaryimage\"},\"thumbnailUrl\":\"http:\\\/\\\/strigosatanis.com\\\/wp-content\\\/uploads\\\/2026\\\/01\\\/Banner20Maioral.png\",\"datePublished\":\"2026-01-09T08:34:35+00:00\",\"dateModified\":\"2026-03-02T04:40:44+00:00\",\"description\":\"Publica\u00e7\u00f5es Oficiais da Ordo Strigosatanis (O\u2234S\u2234)\",\"breadcrumb\":{\"@id\":\"https:\\\/\\\/strigosatanis.com\\\/en\\\/publicacoes\\\/#breadcrumb\"},\"inLanguage\":\"en-US\",\"potentialAction\":[{\"@type\":\"ReadAction\",\"target\":[\"https:\\\/\\\/strigosatanis.com\\\/en\\\/publicacoes\\\/\"]}]},{\"@type\":\"ImageObject\",\"inLanguage\":\"en-US\",\"@id\":\"https:\\\/\\\/strigosatanis.com\\\/en\\\/publicacoes\\\/#primaryimage\",\"url\":\"http:\\\/\\\/strigosatanis.com\\\/wp-content\\\/uploads\\\/2026\\\/01\\\/Banner20Maioral.png\",\"contentUrl\":\"http:\\\/\\\/strigosatanis.com\\\/wp-content\\\/uploads\\\/2026\\\/01\\\/Banner20Maioral.png\"},{\"@type\":\"BreadcrumbList\",\"@id\":\"https:\\\/\\\/strigosatanis.com\\\/en\\\/publicacoes\\\/#breadcrumb\",\"itemListElement\":[{\"@type\":\"ListItem\",\"position\":1,\"name\":\"In\u00edcio\",\"item\":\"https:\\\/\\\/strigosatanis.com\\\/en\\\/\"},{\"@type\":\"ListItem\",\"position\":2,\"name\":\"Publica\u00e7\u00f5es\"}]},{\"@type\":\"WebSite\",\"@id\":\"https:\\\/\\\/strigosatanis.com\\\/en\\\/#website\",\"url\":\"https:\\\/\\\/strigosatanis.com\\\/en\\\/\",\"name\":\"Ordo Strigosatanis\",\"description\":\"\",\"publisher\":{\"@id\":\"https:\\\/\\\/strigosatanis.com\\\/en\\\/#organization\"},\"inLanguage\":\"en-US\"},{\"@type\":\"Organization\",\"@id\":\"https:\\\/\\\/strigosatanis.com\\\/en\\\/#organization\",\"name\":\"Ordo Strigosatanis\",\"url\":\"https:\\\/\\\/strigosatanis.com\\\/en\\\/\",\"logo\":{\"@type\":\"ImageObject\",\"inLanguage\":\"en-US\",\"@id\":\"https:\\\/\\\/strigosatanis.com\\\/en\\\/#\\\/schema\\\/logo\\\/image\\\/\",\"url\":\"https:\\\/\\\/strigosatanis.com\\\/wp-content\\\/uploads\\\/2026\\\/01\\\/cropped-FAVICON.png.webp\",\"contentUrl\":\"https:\\\/\\\/strigosatanis.com\\\/wp-content\\\/uploads\\\/2026\\\/01\\\/cropped-FAVICON.png.webp\",\"width\":512,\"height\":512,\"caption\":\"Ordo Strigosatanis\"},\"image\":{\"@id\":\"https:\\\/\\\/strigosatanis.com\\\/en\\\/#\\\/schema\\\/logo\\\/image\\\/\"},\"sameAs\":[\"https:\\\/\\\/www.instagram.com\\\/ordostrigosatanis\\\/\"]}]}<\/script>\n<!-- \/ Yoast SEO plugin. -->","yoast_head_json":{"title":"Ordo Strigosatanis - Publications","description":"Official Publications of Ordo Strigosatanis (O\u2234S\u2234)","robots":{"index":"index","follow":"follow","max-snippet":"max-snippet:-1","max-image-preview":"max-image-preview:large","max-video-preview":"max-video-preview:-1"},"canonical":"https:\/\/strigosatanis.com\/en\/publications\/","og_locale":"en_US","og_type":"article","og_title":"Ordo Strigosatanis - Publica\u00e7\u00f5es","og_description":"Publica\u00e7\u00f5es Oficiais da Ordo Strigosatanis (O\u2234S\u2234)","og_url":"https:\/\/strigosatanis.com\/en\/publications\/","og_site_name":"Ordo Strigosatanis","article_modified_time":"2026-03-02T04:40:44+00:00","og_image":[{"url":"http:\/\/strigosatanis.com\/wp-content\/uploads\/2026\/01\/Banner20Maioral.png","type":"","width":"","height":""}],"twitter_card":"summary_large_image","twitter_misc":{"Est. reading time":"1 minute"},"schema":{"@context":"https:\/\/schema.org","@graph":[{"@type":"WebPage","@id":"https:\/\/strigosatanis.com\/en\/publicacoes\/","url":"https:\/\/strigosatanis.com\/en\/publicacoes\/","name":"Ordo Strigosatanis - Publications","isPartOf":{"@id":"https:\/\/strigosatanis.com\/en\/#website"},"primaryImageOfPage":{"@id":"https:\/\/strigosatanis.com\/en\/publicacoes\/#primaryimage"},"image":{"@id":"https:\/\/strigosatanis.com\/en\/publicacoes\/#primaryimage"},"thumbnailUrl":"http:\/\/strigosatanis.com\/wp-content\/uploads\/2026\/01\/Banner20Maioral.png","datePublished":"2026-01-09T08:34:35+00:00","dateModified":"2026-03-02T04:40:44+00:00","description":"Official Publications of Ordo Strigosatanis (O\u2234S\u2234)","breadcrumb":{"@id":"https:\/\/strigosatanis.com\/en\/publicacoes\/#breadcrumb"},"inLanguage":"en-US","potentialAction":[{"@type":"ReadAction","target":["https:\/\/strigosatanis.com\/en\/publicacoes\/"]}]},{"@type":"ImageObject","inLanguage":"en-US","@id":"https:\/\/strigosatanis.com\/en\/publicacoes\/#primaryimage","url":"http:\/\/strigosatanis.com\/wp-content\/uploads\/2026\/01\/Banner20Maioral.png","contentUrl":"http:\/\/strigosatanis.com\/wp-content\/uploads\/2026\/01\/Banner20Maioral.png"},{"@type":"BreadcrumbList","@id":"https:\/\/strigosatanis.com\/en\/publicacoes\/#breadcrumb","itemListElement":[{"@type":"ListItem","position":1,"name":"In\u00edcio","item":"https:\/\/strigosatanis.com\/en\/"},{"@type":"ListItem","position":2,"name":"Publica\u00e7\u00f5es"}]},{"@type":"WebSite","@id":"https:\/\/strigosatanis.com\/en\/#website","url":"https:\/\/strigosatanis.com\/en\/","name":"Ordo Strigosatanis","description":"","publisher":{"@id":"https:\/\/strigosatanis.com\/en\/#organization"},"inLanguage":"en-US"},{"@type":"Organization","@id":"https:\/\/strigosatanis.com\/en\/#organization","name":"Ordo Strigosatanis","url":"https:\/\/strigosatanis.com\/en\/","logo":{"@type":"ImageObject","inLanguage":"en-US","@id":"https:\/\/strigosatanis.com\/en\/#\/schema\/logo\/image\/","url":"https:\/\/strigosatanis.com\/wp-content\/uploads\/2026\/01\/cropped-FAVICON.png.webp","contentUrl":"https:\/\/strigosatanis.com\/wp-content\/uploads\/2026\/01\/cropped-FAVICON.png.webp","width":512,"height":512,"caption":"Ordo Strigosatanis"},"image":{"@id":"https:\/\/strigosatanis.com\/en\/#\/schema\/logo\/image\/"},"sameAs":["https:\/\/www.instagram.com\/ordostrigosatanis\/"]}]}},"_links":{"self":[{"href":"https:\/\/strigosatanis.com\/en\/wp-json\/wp\/v2\/pages\/51109","targetHints":{"allow":["GET"]}}],"collection":[{"href":"https:\/\/strigosatanis.com\/en\/wp-json\/wp\/v2\/pages"}],"about":[{"href":"https:\/\/strigosatanis.com\/en\/wp-json\/wp\/v2\/types\/page"}],"author":[{"embeddable":true,"href":"https:\/\/strigosatanis.com\/en\/wp-json\/wp\/v2\/users\/1"}],"replies":[{"embeddable":true,"href":"https:\/\/strigosatanis.com\/en\/wp-json\/wp\/v2\/comments?post=51109"}],"version-history":[{"count":21,"href":"https:\/\/strigosatanis.com\/en\/wp-json\/wp\/v2\/pages\/51109\/revisions"}],"predecessor-version":[{"id":51170,"href":"https:\/\/strigosatanis.com\/en\/wp-json\/wp\/v2\/pages\/51109\/revisions\/51170"}],"wp:attachment":[{"href":"https:\/\/strigosatanis.com\/en\/wp-json\/wp\/v2\/media?parent=51109"}],"curies":[{"name":"wp","href":"https:\/\/api.w.org\/{rel}","templated":true}]}}