{"id":19,"date":"2025-04-09T15:58:00","date_gmt":"2025-04-09T15:58:00","guid":{"rendered":"https:\/\/sites.generatepress.com\/nova\/?page_id=19"},"modified":"2026-01-14T17:25:33","modified_gmt":"2026-01-14T20:25:33","slug":"home","status":"publish","type":"page","link":"https:\/\/strigosatanis.com\/en\/","title":{"rendered":"Home"},"content":{"rendered":"<div class=\"gb-element-bb8a64ae\">\n<img loading=\"lazy\" decoding=\"async\" width=\"2449\" height=\"1480\" class=\"gb-media-ce1885c1\" alt=\"\" src=\"http:\/\/strigosatanis.com\/wp-content\/uploads\/2026\/01\/Banner_20OS4.png\" title=\"Banner_20OS4\" srcset=\"https:\/\/strigosatanis.com\/wp-content\/uploads\/2026\/01\/Banner_20OS4.png 2449w, https:\/\/strigosatanis.com\/wp-content\/uploads\/2026\/01\/Banner_20OS4-300x181.png 300w, https:\/\/strigosatanis.com\/wp-content\/uploads\/2026\/01\/Banner_20OS4-1024x619.png 1024w, https:\/\/strigosatanis.com\/wp-content\/uploads\/2026\/01\/Banner_20OS4-768x464.png 768w, https:\/\/strigosatanis.com\/wp-content\/uploads\/2026\/01\/Banner_20OS4-1536x928.png 1536w, https:\/\/strigosatanis.com\/wp-content\/uploads\/2026\/01\/Banner_20OS4-2048x1238.png 2048w\" sizes=\"auto, (max-width: 2449px) 100vw, 2449px\" \/>\n\n\n\n<div class=\"gb-element-0f261410\"><\/div>\n\n\n\n<div class=\"gbp-section gb-element-1eba0240\">\n<div class=\"gbp-section__inner gb-element-09a712bb\">\n<div class=\"gb-element-623a2958\">\n<h1 class=\"gb-text gb-text-911549c7\">Ordo Strigosatanis<\/h1>\n\n\n\n<div class=\"gb-element-fc8d722e\">\n<p class=\"gb-text gb-text-c3ffdfd8\">Ordo Strigosatanis (O\u2234S\u2234) is an initiatic order of the descending path, founded upon the Klepoth, Thelema, and Kimbanda, with admission granted solely by recognition.<\/p>\n<\/div>\n<\/div>\n<\/div>\n<\/div>\n<\/div>\n\n\n\n<div class=\"gbp-section gb-element-f0fc4a96\" id=\"sobre\">\n<div class=\"gbp-section__inner gb-element-d177d2d6\">\n<div class=\"gb-element-2428199f\">\n<h2 class=\"gb-text gb-text-c3146fb9\">About the Order<\/h2>\n\n\n\n<p class=\"gb-text gb-text-8e409f1f\">Ordo Strigosatanis (O\u2234S\u2234) is an initiatic path of conscious descent through the Klepoth\u2014the Tree of Death of the Pombagiras\u2014guided by its own soteriology, the Left-Hand Path.&nbsp;<\/p>\n\n\n\n<p class=\"gb-text gb-text-a8ecbc97\">The unveiling of the veil of the Klepoth enables the liberation of the Soul not through the luminous ascent offered by the path of the Sefiroth\u2014the Tree of Life of the Demiurge (the false god)\u2014but through the fixation of consciousness beyond organic life, culminating in the post-mortem transmutation of the adept into a Powerful Dead One (Exu or Pombagira), representing the Great Work\u2014the Conquest of Death.<\/p>\n\n\n\n<p class=\"gb-text gb-text-b073beba\">Our ultimate purpose is to expand the reign of the Chief Empire Mayoral (Baphomet, the Devil), enlarging his domains, emissaries, and sovereignty in this world and in the afterlife.<\/p>\n\n\n\n<p class=\"gb-text gb-text-fb84bdd2\">Admission to the O\u2234S\u2234 occurs exclusively by invitation, reserved for those recognized as capable of bearing the weight of this passage. The Order strictly adheres to the principle of Obeah and Wanga, as revealed by the Master Therion (Aleister Crowley):<\/p>\n\n\n\n<blockquote class=\"wp-block-quote has-base-3-color has-text-color has-link-color wp-elements-c8671d6e7ed5d75c6d3f0dfe06f972dd is-layout-flow wp-block-quote-is-layout-flow\">\n<p class=\"has-medium-font-size\"><em>\"Also the mantras and the spells; the obeah and the wanga; the work of the wand and the work of the sword; these he shall learn and teach.\"<\/em><\/p>\n<cite>(Liber AL vel Legis, I:37)<\/cite><\/blockquote>\n\n\n\n<p class=\"gb-text gb-text-79be0f8e\">In light of this principle, the O\u2234S\u2234 establishes itself as Obeah\u2014the initiatic order of command, governance, and spiritual sovereignty\u2014responsible for the execution of the Law of Thelema, the Law of the Chief Empire Mayoral, through direct dominion over the Klepoth and its demonic hierarchies, by means of Sex Magick\u2014the key to the accomplishment of the Great Work.<\/p>\n\n\n\n<p class=\"gb-text gb-text-e2fe74fb\">Kimbanda, in turn, constitutes the Wanga\u2014the operative practice of the Magick of the O\u2234S\u2234: settlements, offerings, sacrifices, ritual operations, incorporations, and divinations through Exu or Pombagira (the Powerful Dead Ones), wherein the Will is executed and materialized by the Nganga (adept), through the command of Spiritual Phalanxes (Bamvumbi) and Powers (Minkisi) by way of the pact established with one\u2019s Guardian Daemon (Exu or Pombagira) and with the Banda\u2014the Collective Egregore or Astral Body of the Chief Empire Mayoral.<\/p>\n\n\n\n<p class=\"gb-text gb-text-e20dcf81\">The initiatic degrees of the O\u2234S\u2234 follow the traditional numbering of the Astrum Argentum (A\u2234A\u2234), according to the tradition initiated by Aleister Crowley and continued by Marcelo Ramos Motta, while reflecting the Kliphothic mirroring within the O\u2234S\u2234 of the Sephirothic tradition of the A\u2234A\u2234:<\/p>\n\n\n\n<p class=\"gb-text gb-text-604a87ff\">0\u00ba = 0<sup>\u25a1<\/sup> Probationarius<br>1\u00ba =10<sup>\u25a1<\/sup> Neophytus Noctis<br>2\u00ba = 9<sup>\u25a1<\/sup> Initiatus Pulveris<br>3\u00ba = 8<sup>\u25a1<\/sup> Portator Sanguinis<br>4\u00ba = 7<sup>\u25a1<\/sup> Discipulus Venenorum<br>5\u00ba = 6<sup>\u25a1<\/sup> Artifex Ruinae<br>6\u00ba = 5<sup>\u25a1<\/sup> Ferens Ignem Nigrum<br>7\u00ba = 4<sup>\u25a1<\/sup> Adeptus Carnis Mortuae<br>8\u00ba = 3<sup>\u25a1<\/sup> Infans Abyssi<br>9\u00ba = 2<sup>\u25a1<\/sup> Magister Silentii<br>10\u00ba= 1<sup>\u25a1<\/sup> Dominus Chaos Ordinati<br>11\u00ba= 0<sup>\u25a1<\/sup> Bicoronatus Absolutus<\/p>\n\n\n\n<p class=\"gb-text gb-text-5c03952b\">The doctrinal, symbolic, and operative canon of the O\u2234S\u2234 is the Book of Klepoth, a work that holds the complete key to the Tarot of Kimbanda\u2014its official and exclusive oracular system. Within it are fixed the correspondences among the Tree of Death, Exus, Daimons, Pombagiras, Emissaries, Archdaimons, initiatic degrees, and the magical operations of the Order.<\/p>\n\n\n\n<p class=\"gb-text gb-text-1a855a4c\">The Tarot of Kimbanda is neither a psychological nor a devotional instrument, but a sovereign oracle of command, diagnosis, and decision, through which the Will is consulted, revealed, and executed upon the axis of the Klepoth, under the Law of the Chief Empire Mayoral.<\/p>\n\n\n\n<p class=\"gb-text gb-text-dcd8136e\">Do what thou wilt shall be the whole of the Law.<br>Love is the law, love under will.<br>N'guzu \u00ea Kimbanda!<\/p>\n\n\n\n<p class=\"gb-text gb-text-6b4cfd0b\">Frater Angelus Infernalis 7\u00ba = 4<sup>\u25a1<\/sup><br>Tata Kalunga-N&#8217;zila<br>Ak\u1eb9\u0301k\u1ecd\u0300\u1ecd\u0301 \u1eb8\u0300\u1e63\u00f9 Ol\u00f3r\u00ed \u00ccj\u1ecdba<\/p>\n<\/div>\n<\/div>\n<\/div>\n\n\n\n<div class=\"gbp-section gb-element-f32e7e54\" id=\"contato\">\n<div class=\"gbp-section__inner gb-element-91bb9b84\">\n<div class=\"gb-element-24a72428\">\n<div>\n<h3 class=\"gb-text-3c14b740\"><span class=\"gb-shape\"><svg xmlns=\"http:\/\/www.w3.org\/2000\/svg\" viewbox=\"0 0 595.3 841.9\">\n  <defs>\n    <style>\n      .st0, .st1 {\n        fill: none;\n      }\n\n      .st2 {\n        fill: #ed2024;\n      }\n\n      .st1 {\n        stroke: #231f20;\n        stroke-miterlimit: 10;\n        stroke-width: 3px;\n      }\n    <\/style>\n  <\/defs>\n  <polygon class=\"st1\" points=\"460.9 191.5 336.2 228.1 410.8 313.5 460.9 191.5\"><\/polygon>\n  <polygon class=\"st1\" points=\"412.4 322.9 365.5 436.9 512.1 437.1 412.4 322.9\"><\/polygon>\n  <polygon class=\"st1\" points=\"259.3 227.6 136.3 191.5 185.2 312.5 259.3 227.6\"><\/polygon>\n  <polygon class=\"st1\" points=\"83.4 436.6 229.9 436.8 183.6 321.9 83.4 436.6\"><\/polygon>\n  <g>\n    <polygon class=\"st0\" points=\"259.3 227.6 136.3 191.5 185.2 312.5 259.3 227.6\"><\/polygon>\n    <polygon class=\"st0\" points=\"83.4 436.6 229.9 436.8 183.6 321.9 83.4 436.6\"><\/polygon>\n    <polygon class=\"st0\" points=\"297.2 590.2 358.1 441.9 237.3 441.8 297.2 590.2\"><\/polygon>\n    <polygon class=\"st0\" points=\"460.9 191.5 336.2 228.1 410.8 313.5 460.9 191.5\"><\/polygon>\n    <polygon class=\"st0\" points=\"412.4 322.9 365.5 436.9 512.1 437.1 412.4 322.9\"><\/polygon>\n    <path d=\"M414.5,317.8l55-134-142.2,41.7,81.4,93.2-48.5,118.2h-124.9c0-.1-48-119.2-48-119.2l80.9-92.7-140.3-41.2,53.6,132.9-109,124.9,159.5.2,65.2,161.7,66.3-161.6,159.6.2-108.6-124.4ZM136.3,191.5l122.9,36.1-74.1,84.9-48.8-121ZM83.4,436.6l100.2-114.7,46.3,114.9-146.5-.2ZM297.2,590.2l-59.9-148.5h120.8c0,.1-60.9,148.5-60.9,148.5ZM336.2,228.1l124.7-36.6-50.1,122.1-74.6-85.4ZM412.4,322.9l99.7,114.2-146.5-.2,46.8-114Z\"><\/path>\n  <\/g>\n  <g>\n    <path class=\"st0\" d=\"M290.8,372.3c.8.3,1.6.5,2.4.7h.2c.3.1.6.2.9.2h.3c.3.1.6.1.9.2h.3c.2,0,.4,0,.6.1v-33h-30.9c0,2.2.4,4.4.9,6.5.1.5.3,1.1.5,1.6.2.6.4,1.1.5,1.6h0c.2.6.4,1.1.6,1.6h0c.2.6.4,1.1.7,1.5v.2c.3.4.6.9.8,1.3l.2.3c.2.4.5.8.8,1.2l.2.3c.3.4.5.8.8,1.2l.3.4c.3.4.6.8.9,1.1l.3.4c.3.4.6.7.9,1.1l.4.5c.3.3.7.7,1,1l.4.5c.4.4.9.8,1.3,1.2l.2.2c.5.4.9.8,1.3,1.1l.4.4c.3.2.6.5.9.7l.4.3c.3.2.6.4.9.6l.5.4c.3.2.5.4.8.6l.5.3c.3.2.6.4.9.6l.3.2c.4.2.8.5,1.2.7h.3c.3.3.7.5,1,.6l.4.2c.3.1.6.3.8.4l.4.2c.3.1.5.2.8.3h.4c.3.3.6.4.9.5h.3Z\"><\/path>\n    <path class=\"st0\" d=\"M296.3,303.8c-2.8.4-5.6,1.2-8.3,2.3h-.3c-.4.3-.8.5-1.2.7l-.5.2c-.4.2-.7.4-1.1.6-.2.1-.4.2-.6.3-.3.2-.6.4-1,.6-.2.1-.4.3-.6.4-.3.2-.6.4-.9.6-.2.2-.4.3-.7.5-.3.2-.5.4-.8.6-.2.2-.5.4-.7.5-.2.2-.5.4-.7.6-.2.2-.5.4-.7.6h-.2c-.2.3-.3.4-.5.6-.2.2-.5.4-.7.7l-.2.2c-.1.1-.2.2-.4.3-.3.3-.6.6-.8.9l-.4.4c-.4.4-.8.9-1.2,1.3-.3.4-.6.8-.9,1.1l-.3.4c-.2.3-.4.5-.6.8l-.3.5c-.2.2-.3.5-.5.7l-.4.5c-.1.2-.3.4-.4.7-.1.2-.2.4-.4.6-.1.2-.2.4-.3.5v.3c-.2.2-.3.3-.4.5l-.3.5c-.5,1-1,2-1.4,3v.3c-.3.3-.4.7-.5,1v.3c-.2.3-.4.7-.5,1v.2c-.2.4-.3.7-.4,1.1-.3,1.2-.6,2.4-.8,3.6h30.5v-30.6Z\"><\/path>\n    <path class=\"st0\" d=\"M329.4,321.6c-.2-.4-.4-.8-.7-1.2,0,0-.1-.2-.2-.3l-.2-.2c-.4-.6-.8-1.2-1.3-1.9l-.2-.2c-.2-.2-.3-.4-.5-.7-.1-.2-.3-.4-.4-.5l-.2-.2c-.2-.3-.5-.6-.8-.9-.2-.2-.4-.5-.6-.7-.3-.3-.6-.6-.9-.9-.2-.2-.4-.4-.6-.6-.4-.3-.7-.7-1.1-1l-.2-.2c-.1-.1-.2-.2-.3-.3-.6-.5-1.2-1-1.8-1.4-.4-.3-.8-.6-1.2-.9l-.7-.4c-.2-.1-.3-.2-.5-.4-.2-.1-.3-.2-.5-.3l-.3-.2c-.1,0-.2-.1-.3-.2-.2-.1-.4-.3-.7-.4l-.5-.3c-.3-.2-.6-.3-.9-.4l-.3-.2c-.3-.2-.6-.3-.9-.4h-.2c-.3-.3-.7-.4-1-.5h0c-.4-.2-.8-.3-1.1-.5-.5-.2-.9-.3-1.2-.4-2.2-.7-4.4-1.1-6.6-1.2v30.8h30.9c0-.1,0-.2,0-.3h0c-.2-3.1-.9-5.9-1.9-8.6v-.4c-.3-.4-.5-.9-.7-1.3l-.2-.5c-.2-.4-.4-.8-.6-1.2,0-.1-.1-.3-.2-.4v-.2Z\"><\/path>\n    <path class=\"st0\" d=\"M302.3,373.5c.2,0,.3,0,.5,0h.3c.2,0,.5-.1.7-.2h.3c.3-.1.6-.2.9-.2.3,0,.6-.1.9-.2h.3c.2-.1.4-.2.6-.2h.3c.2-.1.4-.2.6-.3h.3c.3-.2.5-.3.8-.4,4.7-1.7,9.2-4.7,13.1-8.6.5-.5,1-1,1.5-1.6.9-1.1,1.8-2.2,2.7-3.4.2-.2.3-.4.5-.7.2-.3.5-.7.7-1,.2-.4.4-.7.7-1.1.5-.8,1-1.7,1.4-2.6.1-.3.3-.5.4-.8.8-1.7,1.5-3.4,2-5.2.6-1.8,1-3.6,1.2-5.3,0-.4.1-.9.2-1.3h-30.8v32.9Z\"><\/path>\n    <polygon class=\"st0\" points=\"261.9 348.3 261.9 348.3 261.9 348.3 261.9 348.3\"><\/polygon>\n    <path class=\"st2\" d=\"M374.7,337.8l-9.8-5.8v2.4h-16.2c1.5-7.9,8.2-13.7,16.2-13.8v3l9.8-5.8-9.8-5.8v2.7c-11.1.1-20.5,8.6-22,19.8h-3.4c0-.2,0-.4,0-.6v-.2c0-.7-.2-1.4-.3-2.1-.1-.7-.2-1.5-.4-2.4-.4-1.9-1-3.8-1.6-5.5l-.2-.5c-.2-.5-.4-1-.6-1.5-.1-.2-.2-.5-.3-.7-.2-.5-.4-.9-.7-1.4-.1-.2-.2-.4-.3-.6v-.2c-.4-.4-.6-.8-.8-1.2-.1-.2-.3-.4-.4-.7l-.2-.2c-.4-.6-.8-1.2-1.3-1.8-.3-.4-.5-.8-.8-1.1-.2-.2-.3-.4-.5-.6l-.2-.2c-.3-.4-.6-.7-.9-1.1-.2-.3-.5-.5-.7-.8-.3-.4-.7-.7-1.1-1.1-.2-.2-.5-.5-.7-.7-.4-.4-.8-.8-1.3-1.2l-.2-.2c-.1-.1-.3-.3-.4-.4-.7-.6-1.4-1.1-2-1.6-.5-.4-1-.8-1.5-1.1l-.5-.3c-.4-.3-.7-.5-1.1-.7l-.5-.3c-.4-.3-.9-.5-1.3-.8l-.3-.2c-.5-.3-1-.6-1.6-.8l-.6-.3c-.3-.2-.7-.3-1-.5-.2-.1-.5-.2-.7-.3-.3-.1-.7-.3-1-.4h-.2c-.1-.1-.3-.2-.5-.3-.5-.2-1-.3-1.5-.5-.2,0-.4-.1-.7-.2h-.2c-.3-.1-.5-.2-.8-.3-.3,0-.6-.2-.9-.2-.2,0-.5-.1-.7-.2-1.1-.2-2.3-.4-3.4-.6h-.6c-.4-.1-.7-.1-1.1-.2h-.1v-5.4c11.2-1.5,19.7-10.8,19.9-22h2.8l-5.8-9.8-5.8,9.8h3.1c-.1,8-6.2,14.9-14.2,16.3v-16.3h2.6l-5.8-9.8-5.8,9.8h2.8v16.3c-8-1.4-14.1-8.3-14.2-16.3h3l-5.8-9.8-5.8,9.8h2.9c.1,11.1,8.7,20.5,19.9,22v5.6c-.3,0-.5,0-.8,0-.7,0-1.5.2-2.2.3-9.2,1.7-17.8,7-24.2,14.7-.4.4-.7.9-1,1.3l-.3.4c-.2.3-.4.6-.7.9l-.4.5c-.2.3-.4.6-.6.9-.1.2-.3.4-.4.6-.2.3-.4.6-.5.9l-.4.6c-.2.3-.3.6-.5.9l-.3.6c-.2.3-.3.7-.5,1l-.3.5c-.2.5-.5,1-.7,1.5v.4c-.3.4-.5.8-.7,1.3l-.2.7c-.1.3-.2.6-.3,1,0,.2-.1.4-.2.6v.2c-.1.3-.2.6-.3.9,0,.2-.1.5-.2.8,0,.3-.2.6-.2.9,0,.3-.1.5-.2.8,0,.3-.1.6-.2.9v.2c0,.2-.1.4-.2.6,0,.3-.1.7-.2,1v.2c0,.2,0,.3-.1.5,0,.1,0,.2,0,.3h-3.6c-1.5-11.2-11-19.9-22.3-19.9h0v-2.7l-9.8,5.8,9.8,5.8v-3.1c8,.1,14.9,6.2,16.3,14.2h-16.3v-2.6l-9.8,5.8,9.8,5.8v-2.8h16.3c-1.3,7.4-7.2,13.2-14.6,14.1-.6,0-1.1,0-1.7,0v-3l-9.8,5.8,9.8,5.8v-2.9c1,0,2.1-.1,3.1-.3,10-1.4,17.9-9.5,19.2-19.7h3.3c0,.1,0,.3,0,.4,0,.6,0,1.2.1,1.8h0c0,.7.1,1.3.2,2,0,.6.2,1.2.3,1.8h0c.1.7.3,1.3.4,1.9h0c.1.7.3,1.3.5,1.9h0c.2.7.4,1.2.6,1.8v.3c.3.5.5,1.1.7,1.6v.3c.4.5.6,1,.8,1.5l.2.4c.2.5.5.9.8,1.4v.2c.1,0,.2.2.3.3.3.5.5.9.8,1.3v.2c.2.1.2.2.3.3.3.4.6.8.9,1.3v.2c.2.1.3.2.4.3.3.4.6.7.8,1.1l.3.3c0,.1.2.3.3.4.3.4.6.7.9,1l.3.3c.1.1.2.2.3.4.3.4.7.7,1.1,1.1l.3.3c.1.1.2.2.3.3.6.6,1.2,1.1,1.8,1.7.5.4,1,.9,1.5,1.3l.5.4c.3.3.6.5,1,.8.1.1.3.2.4.3l.3.3c.2.2.5.4.7.5.2.1.3.2.5.3l.3.2c.2.2.5.3.7.5.2.1.4.2.6.4h.2c.3.3.5.4.8.6.2.1.5.3.8.4.3.1.5.3.8.4.3.1.5.3.8.4.3.1.5.3.8.4.3.1.5.3.8.4.3.1.5.2.8.3.3.1.6.2.9.4.2,0,.5.2.7.3.3.1.6.2.9.3.2,0,.5.2.7.2.3,0,.6.2.9.3.2,0,.4.1.7.2.3,0,.6.2.9.2.2,0,.4,0,.7.2.3,0,.7.1,1,.2.2,0,.3,0,.5,0h.2c.3,0,.7.2,1,.2h.6c.4.1.7.2,1.1.2h.1v3.4c-11.2,1.5-19.7,10.8-19.9,22h-2.8l5.8,9.8,5.8-9.8h-3.1c.2-8,6.3-14.7,14.2-16.1v16.1h-2.6l5.8,9.8,5.8-9.8h-2.8v-16.1c7.5,1.3,13.3,7.3,14.1,14.8,0,.5,0,.9,0,1.3h-3l5.8,9.8,5.8-9.8h-2.9c0-.6,0-1.2-.1-1.8-1-10.5-9.2-18.8-19.7-20.2v-3.3c.1,0,.3,0,.4,0h.3c.2,0,.4,0,.6-.1h.7c.2-.1.5-.2.7-.2.2,0,.4,0,.7-.1.3,0,.5,0,.8-.2.2,0,.4,0,.6-.1.3,0,.5-.1.9-.2h.5c.3-.2.6-.3.9-.4h.5c.5-.3.9-.4,1.4-.6,14.2-5.1,25.4-19,27.8-34.5.1-.7.2-1.4.3-2.1,0,0,0-.2,0-.3h3.5c0,.6.2,1.3.3,1.9,2.1,10.5,11.3,18.1,21.7,18.2v2.8l9.8-5.8-9.8-5.8v2.9c-8-.1-14.8-6-16.3-14h16.3v2.6l9.8-5.8ZM330.3,323.4l.2.5c.2.4.4.9.6,1.3v.4c1.2,2.7,1.8,5.5,2.1,8.5h0c0,.2,0,.3,0,.4h-30.9v-30.8c2.2.2,4.4.6,6.6,1.2.4.1.8.2,1.2.4.4.1.7.3,1.1.4h0c.3.2.7.3,1,.5h.2c.3.3.6.4.9.5l.3.2c.3.1.6.3.9.4l.5.3c.2.1.4.2.7.4.1,0,.2.1.3.2l.3.2c.2.1.3.2.5.3.2.1.3.2.5.4l.7.4c.4.3.8.6,1.2.9.6.5,1.2.9,1.8,1.4.1,0,.2.2.3.3l.2.2c.4.3.7.7,1.1,1,.2.2.4.4.6.6.3.3.6.6.9.9.2.2.4.5.6.7.3.3.5.6.8.9l.2.2c.1.2.3.4.4.5.2.2.3.4.5.7l.2.2c.5.6.9,1.3,1.3,1.9l.2.2c0,0,.1.2.2.3.2.4.4.8.7,1.2v.2c.2.1.2.3.3.4.2.4.4.8.6,1.2ZM265.8,334.4c.2-1.2.5-2.4.8-3.6.1-.4.2-.8.3-1.1v-.2c.2-.3.3-.7.4-1v-.3c.2-.3.4-.7.5-1v-.3c.5-1,1-2,1.5-3l.3-.5c0-.2.2-.3.3-.5v-.3c.2-.2.3-.4.5-.5.1-.2.2-.4.4-.6.1-.2.3-.5.4-.7l.4-.5c.2-.2.3-.5.5-.7l.3-.5c.2-.3.4-.5.6-.8l.3-.4c.3-.4.6-.8.9-1.1.4-.5.8-.9,1.2-1.3l.4-.4c.3-.3.5-.6.8-.9.1-.1.2-.2.4-.3l.2-.2c.2-.2.5-.4.7-.7.2-.2.3-.3.5-.5h.2c.2-.3.5-.5.7-.7.2-.2.5-.4.7-.6.2-.2.5-.4.7-.5.3-.2.5-.4.8-.6.2-.2.4-.3.7-.5.3-.2.6-.4.9-.6.2-.1.4-.3.6-.4.3-.2.6-.4,1-.6.2,0,.3-.2.6-.3.3-.2.7-.4,1.1-.6l.5-.2c.4-.2.8-.4,1.2-.6h.3c2.7-1.3,5.5-2.1,8.3-2.5v30.6h-30.5ZM289.6,371.9h-.4c-.3-.3-.5-.4-.8-.5l-.4-.2c-.3-.1-.6-.2-.8-.4l-.4-.2c-.3-.2-.7-.3-1-.5h-.3c-.4-.4-.8-.6-1.2-.8l-.3-.2c-.3-.2-.6-.4-.9-.6l-.5-.3c-.3-.2-.5-.4-.8-.6l-.5-.4c-.3-.2-.5-.4-.9-.6l-.4-.3c-.3-.2-.6-.5-.9-.7l-.4-.4c-.4-.3-.8-.7-1.3-1.1l-.2-.2c-.5-.4-.9-.8-1.3-1.2l-.4-.5c-.3-.3-.7-.7-1-1l-.4-.5c-.3-.4-.6-.7-.9-1.1l-.3-.4c-.3-.4-.6-.7-.9-1.1l-.3-.4c-.3-.4-.6-.8-.8-1.2l-.2-.3c-.3-.4-.5-.8-.8-1.2l-.2-.3c-.2-.4-.5-.9-.7-1.3v-.2c-.3-.5-.6-.9-.8-1.4h0c-.2-.6-.4-1.1-.6-1.6h0c-.2-.6-.4-1.1-.5-1.7-.2-.5-.3-1-.5-1.6-.6-2.1-.9-4.3-.9-6.5h30.9v33c-.2,0-.4,0-.6,0h-.3c-.3,0-.6-.1-.9-.2h-.3c-.3-.1-.6-.2-.9-.2h-.2c-.8-.2-1.6-.4-2.4-.7h-.3c-.3-.2-.6-.3-.9-.4ZM333.1,340.6c0,.4,0,.8-.2,1.3-.3,1.8-.7,3.6-1.2,5.3-.5,1.7-1.2,3.5-2,5.2-.1.3-.3.5-.4.8-.4.9-.9,1.7-1.4,2.6-.2.4-.4.7-.7,1.1-.2.3-.4.7-.7,1-.2.2-.3.4-.5.7-.8,1.2-1.7,2.3-2.7,3.4-.5.5-1,1.1-1.5,1.6-3.9,4-8.4,6.9-13.1,8.6-.3,0-.5.2-.8.3h-.3c-.2.1-.4.2-.6.3h-.3c-.2.1-.4.2-.6.3h-.3c-.3.1-.6.2-.9.3-.3,0-.6.1-.9.2h-.3c-.2,0-.5.1-.7.2h-.3c-.2,0-.3,0-.5.1v-32.9h30.8ZM261.9,348.3s0,0,0,0h0s0,0,0,0Z\"><\/path>\n  <\/g>\n<\/svg><\/span><span class=\"gb-text\">Ordo Strigosatanis<\/span><\/h3>\n\n\n\n<p class=\"gb-text gbp-section__text--sm gb-text-e410e468\">Contact<br><a href=\"mailto:cancellarius@strigosatanis.com\">cancellarius@strigosatanis.com<\/a><\/p>\n<\/div>\n<\/div>\n<\/div>\n<\/div>","protected":false},"excerpt":{"rendered":"<p>Ordo Strigosatanis Ordo Strigosatanis (O\u2234S\u2234) \u00e9 uma ordem inici\u00e1tica de via descendente baseada na Klepoth, Thelema e Kimbanda, com ingresso apenas por reconhecimento. Sobre a Ordem A Ordo Strigosatanis (O\u2234S\u2234) \u00e9 uma via inici\u00e1tica de descida consciente pela Klepoth \u2014 a \u00c1rvore da Morte das Pombagiras \u2014 orientada por uma soteriologia pr\u00f3pria, o Caminho da &#8230; <a title=\"Home\" class=\"read-more\" href=\"https:\/\/strigosatanis.com\/en\/\" aria-label=\"Read more about Home\">Read more<\/a><\/p>","protected":false},"author":1,"featured_media":0,"parent":0,"menu_order":0,"comment_status":"closed","ping_status":"closed","template":"","meta":{"footnotes":""},"class_list":["post-19","page","type-page","status-publish"],"yoast_head":"<!-- This site is optimized with the Yoast SEO plugin v27.4 - https:\/\/yoast.com\/product\/yoast-seo-wordpress\/ -->\n<title>Ordo Strigosatanis<\/title>\n<meta name=\"description\" content=\"Ordo Strigosatanis (O\u2234S\u2234) \u00e9 uma ordem inici\u00e1tica de via descendente baseada na Klepoth, Thelema e Kimbanda, com ingresso apenas por reconhecimento.\" \/>\n<meta name=\"robots\" content=\"index, follow, max-snippet:-1, max-image-preview:large, max-video-preview:-1\" \/>\n<link rel=\"canonical\" href=\"http:\/\/strigosatanis.com\/en\/\" \/>\n<meta property=\"og:locale\" content=\"en_US\" \/>\n<meta property=\"og:type\" content=\"article\" \/>\n<meta property=\"og:title\" content=\"Ordo Strigosatanis\" \/>\n<meta property=\"og:description\" content=\"Ordo Strigosatanis (O\u2234S\u2234) \u00e9 uma ordem inici\u00e1tica de via descendente baseada na Klepoth, Thelema e Kimbanda, com ingresso apenas por reconhecimento.\" \/>\n<meta property=\"og:url\" content=\"http:\/\/strigosatanis.com\/en\/\" \/>\n<meta property=\"og:site_name\" content=\"Ordo Strigosatanis\" \/>\n<meta property=\"article:modified_time\" content=\"2026-01-14T20:25:33+00:00\" \/>\n<meta property=\"og:image\" content=\"http:\/\/strigosatanis.com\/wp-content\/uploads\/2026\/01\/Banner_20OS4.png\" \/>\n<meta name=\"twitter:card\" content=\"summary_large_image\" \/>\n<meta name=\"twitter:label1\" content=\"Est. reading time\" \/>\n\t<meta name=\"twitter:data1\" content=\"4 minutes\" \/>\n<script type=\"application\/ld+json\" class=\"yoast-schema-graph\">{\"@context\":\"https:\\\/\\\/schema.org\",\"@graph\":[{\"@type\":\"WebPage\",\"@id\":\"http:\\\/\\\/strigosatanis.com\\\/\",\"url\":\"http:\\\/\\\/strigosatanis.com\\\/\",\"name\":\"Ordo Strigosatanis\",\"isPartOf\":{\"@id\":\"http:\\\/\\\/strigosatanis.com\\\/#website\"},\"primaryImageOfPage\":{\"@id\":\"http:\\\/\\\/strigosatanis.com\\\/#primaryimage\"},\"image\":{\"@id\":\"http:\\\/\\\/strigosatanis.com\\\/#primaryimage\"},\"thumbnailUrl\":\"http:\\\/\\\/strigosatanis.com\\\/wp-content\\\/uploads\\\/2026\\\/01\\\/Banner_20OS4.png\",\"datePublished\":\"2025-04-09T15:58:00+00:00\",\"dateModified\":\"2026-01-14T20:25:33+00:00\",\"description\":\"Ordo Strigosatanis (O\u2234S\u2234) \u00e9 uma ordem inici\u00e1tica de via descendente baseada na Klepoth, Thelema e Kimbanda, com ingresso apenas por reconhecimento.\",\"breadcrumb\":{\"@id\":\"http:\\\/\\\/strigosatanis.com\\\/#breadcrumb\"},\"inLanguage\":\"en-US\",\"potentialAction\":[{\"@type\":\"ReadAction\",\"target\":[\"http:\\\/\\\/strigosatanis.com\\\/\"]}]},{\"@type\":\"ImageObject\",\"inLanguage\":\"en-US\",\"@id\":\"http:\\\/\\\/strigosatanis.com\\\/#primaryimage\",\"url\":\"http:\\\/\\\/strigosatanis.com\\\/wp-content\\\/uploads\\\/2026\\\/01\\\/Banner_20OS4.png\",\"contentUrl\":\"http:\\\/\\\/strigosatanis.com\\\/wp-content\\\/uploads\\\/2026\\\/01\\\/Banner_20OS4.png\"},{\"@type\":\"BreadcrumbList\",\"@id\":\"http:\\\/\\\/strigosatanis.com\\\/#breadcrumb\",\"itemListElement\":[{\"@type\":\"ListItem\",\"position\":1,\"name\":\"In\u00edcio\",\"item\":\"http:\\\/\\\/strigosatanis.com\\\/\"},{\"@type\":\"ListItem\",\"position\":2,\"name\":\"Home\"}]},{\"@type\":\"WebSite\",\"@id\":\"http:\\\/\\\/strigosatanis.com\\\/#website\",\"url\":\"http:\\\/\\\/strigosatanis.com\\\/\",\"name\":\"Ordo Strigosatanis\",\"description\":\"\",\"publisher\":{\"@id\":\"http:\\\/\\\/strigosatanis.com\\\/#organization\"},\"inLanguage\":\"en-US\"},{\"@type\":\"Organization\",\"@id\":\"http:\\\/\\\/strigosatanis.com\\\/#organization\",\"name\":\"Ordo Strigosatanis\",\"url\":\"http:\\\/\\\/strigosatanis.com\\\/\",\"logo\":{\"@type\":\"ImageObject\",\"inLanguage\":\"en-US\",\"@id\":\"http:\\\/\\\/strigosatanis.com\\\/#\\\/schema\\\/logo\\\/image\\\/\",\"url\":\"https:\\\/\\\/strigosatanis.com\\\/wp-content\\\/uploads\\\/2026\\\/01\\\/cropped-FAVICON.png.webp\",\"contentUrl\":\"https:\\\/\\\/strigosatanis.com\\\/wp-content\\\/uploads\\\/2026\\\/01\\\/cropped-FAVICON.png.webp\",\"width\":512,\"height\":512,\"caption\":\"Ordo Strigosatanis\"},\"image\":{\"@id\":\"http:\\\/\\\/strigosatanis.com\\\/#\\\/schema\\\/logo\\\/image\\\/\"},\"sameAs\":[\"https:\\\/\\\/www.instagram.com\\\/ordostrigosatanis\\\/\"]}]}<\/script>\n<!-- \/ Yoast SEO plugin. -->","yoast_head_json":{"title":"Ordo Strigosatanis","description":"Ordo Strigosatanis (O\u2234S\u2234) is an initiatic order of the descending path, founded upon the Klepoth, Thelema, and Kimbanda, with admission granted solely by recognition.","robots":{"index":"index","follow":"follow","max-snippet":"max-snippet:-1","max-image-preview":"max-image-preview:large","max-video-preview":"max-video-preview:-1"},"canonical":"http:\/\/strigosatanis.com\/en\/","og_locale":"en_US","og_type":"article","og_title":"Ordo Strigosatanis","og_description":"Ordo Strigosatanis (O\u2234S\u2234) \u00e9 uma ordem inici\u00e1tica de via descendente baseada na Klepoth, Thelema e Kimbanda, com ingresso apenas por reconhecimento.","og_url":"http:\/\/strigosatanis.com\/en\/","og_site_name":"Ordo Strigosatanis","article_modified_time":"2026-01-14T20:25:33+00:00","og_image":[{"url":"http:\/\/strigosatanis.com\/wp-content\/uploads\/2026\/01\/Banner_20OS4.png","type":"","width":"","height":""}],"twitter_card":"summary_large_image","twitter_misc":{"Est. reading time":"4 minutes"},"schema":{"@context":"https:\/\/schema.org","@graph":[{"@type":"WebPage","@id":"http:\/\/strigosatanis.com\/","url":"http:\/\/strigosatanis.com\/","name":"Ordo Strigosatanis","isPartOf":{"@id":"http:\/\/strigosatanis.com\/#website"},"primaryImageOfPage":{"@id":"http:\/\/strigosatanis.com\/#primaryimage"},"image":{"@id":"http:\/\/strigosatanis.com\/#primaryimage"},"thumbnailUrl":"http:\/\/strigosatanis.com\/wp-content\/uploads\/2026\/01\/Banner_20OS4.png","datePublished":"2025-04-09T15:58:00+00:00","dateModified":"2026-01-14T20:25:33+00:00","description":"Ordo Strigosatanis (O\u2234S\u2234) is an initiatic order of the descending path, founded upon the Klepoth, Thelema, and Kimbanda, with admission granted solely by recognition.","breadcrumb":{"@id":"http:\/\/strigosatanis.com\/#breadcrumb"},"inLanguage":"en-US","potentialAction":[{"@type":"ReadAction","target":["http:\/\/strigosatanis.com\/"]}]},{"@type":"ImageObject","inLanguage":"en-US","@id":"http:\/\/strigosatanis.com\/#primaryimage","url":"http:\/\/strigosatanis.com\/wp-content\/uploads\/2026\/01\/Banner_20OS4.png","contentUrl":"http:\/\/strigosatanis.com\/wp-content\/uploads\/2026\/01\/Banner_20OS4.png"},{"@type":"BreadcrumbList","@id":"http:\/\/strigosatanis.com\/#breadcrumb","itemListElement":[{"@type":"ListItem","position":1,"name":"In\u00edcio","item":"http:\/\/strigosatanis.com\/"},{"@type":"ListItem","position":2,"name":"Home"}]},{"@type":"WebSite","@id":"http:\/\/strigosatanis.com\/#website","url":"http:\/\/strigosatanis.com\/","name":"Ordo Strigosatanis","description":"","publisher":{"@id":"http:\/\/strigosatanis.com\/#organization"},"inLanguage":"en-US"},{"@type":"Organization","@id":"http:\/\/strigosatanis.com\/#organization","name":"Ordo Strigosatanis","url":"http:\/\/strigosatanis.com\/","logo":{"@type":"ImageObject","inLanguage":"en-US","@id":"http:\/\/strigosatanis.com\/#\/schema\/logo\/image\/","url":"https:\/\/strigosatanis.com\/wp-content\/uploads\/2026\/01\/cropped-FAVICON.png.webp","contentUrl":"https:\/\/strigosatanis.com\/wp-content\/uploads\/2026\/01\/cropped-FAVICON.png.webp","width":512,"height":512,"caption":"Ordo Strigosatanis"},"image":{"@id":"http:\/\/strigosatanis.com\/#\/schema\/logo\/image\/"},"sameAs":["https:\/\/www.instagram.com\/ordostrigosatanis\/"]}]}},"_links":{"self":[{"href":"https:\/\/strigosatanis.com\/en\/wp-json\/wp\/v2\/pages\/19","targetHints":{"allow":["GET"]}}],"collection":[{"href":"https:\/\/strigosatanis.com\/en\/wp-json\/wp\/v2\/pages"}],"about":[{"href":"https:\/\/strigosatanis.com\/en\/wp-json\/wp\/v2\/types\/page"}],"author":[{"embeddable":true,"href":"https:\/\/strigosatanis.com\/en\/wp-json\/wp\/v2\/users\/1"}],"replies":[{"embeddable":true,"href":"https:\/\/strigosatanis.com\/en\/wp-json\/wp\/v2\/comments?post=19"}],"version-history":[{"count":42,"href":"https:\/\/strigosatanis.com\/en\/wp-json\/wp\/v2\/pages\/19\/revisions"}],"predecessor-version":[{"id":51159,"href":"https:\/\/strigosatanis.com\/en\/wp-json\/wp\/v2\/pages\/19\/revisions\/51159"}],"wp:attachment":[{"href":"https:\/\/strigosatanis.com\/en\/wp-json\/wp\/v2\/media?parent=19"}],"curies":[{"name":"wp","href":"https:\/\/api.w.org\/{rel}","templated":true}]}}